{"id":61,"date":"2016-07-21T02:04:39","date_gmt":"2016-07-21T02:04:39","guid":{"rendered":"http:\/\/sw-themes.com\/porto_dummy\/?page_id=61"},"modified":"2024-03-25T13:26:01","modified_gmt":"2024-03-25T13:26:01","slug":"contact","status":"publish","type":"page","link":"http:\/\/adameslockwardal.com.previewc75.carrierzone.com\/?page_id=61","title":{"rendered":"Contactos"},"content":{"rendered":"\t\t<div data-elementor-type=\"wp-page\" data-elementor-id=\"61\" class=\"elementor elementor-61\">\n\t\t\t\t\t\t<section class=\"elementor-section elementor-top-section elementor-element elementor-element-3d64b7a mb-5 contact-info elementor-section-boxed elementor-section-height-default elementor-section-height-default\" data-id=\"3d64b7a\" data-element_type=\"section\">\r\n\t\t\r\n\t\t\t\t\t\t\t<div class=\"elementor-container elementor-column-gap-default\">\r\n\t\t\t\t\t\t\t\t\t\t\t<div class=\"elementor-column elementor-col-33 elementor-top-column elementor-element elementor-element-fbd3234 elementor-invisible\" data-id=\"fbd3234\" data-element_type=\"column\" data-settings=\"{&quot;animation&quot;:&quot;fadeInUp&quot;,&quot;animation_delay&quot;:200}\">\r\n\t\t\t\t\t<div class=\"elementor-widget-wrap elementor-element-populated\">\r\n\t\t\t\t\t\t\t\t<div class=\"elementor-element elementor-element-5151874 w-auto elementor-widget elementor-widget-porto_info_box\" data-id=\"5151874\" data-element_type=\"widget\" data-widget_type=\"porto_info_box.default\">\n\t\t\t\t<div class=\"elementor-widget-container\">\n\t\t\t<div class=\"porto-sicon-box style_1 default-icon flex-wrap\"><div class=\"porto-sicon-default\"><div class=\"porto-just-icon-wrapper porto-icon none\" style=\"margin-right:6px;\"><svg xmlns=\"http:\/\/www.w3.org\/2000\/svg\" xmlns:xlink=\"http:\/\/www.w3.org\/1999\/xlink\" x=\"0px\" y=\"0px\" viewBox=\"0 0 419 420\" style=\"enable-background:new 0 0 419 420;\" xml:space=\"preserve\" width=\"23\" height=\"23\">\t<path d=\"M303.7,411.1c-15.6-0.1-31.2-2.1-46.4-5.9c-52.4-12.6-106.4-44.7-152-90.4s-77.7-99.6-90.4-152   C1.7,107.8,11.2,60.6,41.7,30.1l8.7-8.7c16.5-16.4,43.1-16.4,59.6,0l50.1,50.1c16.5,16.5,16.5,43.2,0,59.6l-29.6,29.6   c14.2,24.9,33.5,49.8,56.3,72.6s47.8,42.1,72.6,56.3l29.6-29.6c16.5-16.5,43.1-16.5,59.6,0c0,0,0,0,0,0l50.1,50.1   c16.5,16.5,16.5,43.1,0,59.6l-8.7,8.7C368.5,400,338.7,411.1,303.7,411.1z M80.2,39c-3.2,0-6.3,1.3-8.6,3.6l-8.7,8.7   c-22.9,22.9-29.6,60-18.8,104.5c11.4,47.1,40.6,96.1,82.4,137.9s90.7,71,137.9,82.4c44.5,10.7,81.6,4.1,104.5-18.8l8.7-8.7   c4.7-4.7,4.7-12.4,0-17.2l-50.1-50.1c-4.7-4.7-12.4-4.7-17.2,0l-37.5,37.5c-4.6,4.6-11.7,5.7-17.5,2.7c-30.8-15.9-61.8-39-89.6-67   s-51-58.9-66.9-89.6c-3-5.8-1.9-12.9,2.7-17.5l37.5-37.5c4.7-4.7,4.7-12.4,0-17.2L88.8,42.6C86.5,40.3,83.4,39,80.2,39z\"><\/path>\t<path d=\"M319.8,230.7c-8.3,0-15-6.7-15-15l0,0c-0.1-54.8-44.5-99.2-99.3-99.3c-8.3,0-15-6.7-15-15s6.7-15,15-15l0,0   c71.3,0,129.3,58,129.3,129.3C334.8,224,328,230.7,319.8,230.7C319.8,230.7,319.8,230.7,319.8,230.7z\"><\/path>\t<path d=\"M383.1,230.7c-8.3,0-15-6.7-15-15l0,0c0-89.7-73-162.7-162.6-162.7c-8.3,0-15-6.7-15-15s6.7-15,15-15l0,0   c106.2,0,192.6,86.4,192.6,192.7C398.1,224,391.4,230.7,383.1,230.7L383.1,230.7z\"><\/path><\/svg><\/div><\/div><div class=\"porto-sicon-header\"><a class=\"porto-sicon-box-link\" href=\"tel:#\"><h5 class=\"porto-sicon-title\" style=\"\"> (809)  240 6490<\/h5><\/a><\/div> <!-- header --><div class=\"porto-sicon-description\" style=\"\" ><p>Ll\u00e1manos<\/p><\/div> <!-- description --><\/div><!-- porto-sicon-box -->\t\t<\/div>\n\t\t\t\t<\/div>\n\t\t\t\t\t<\/div>\r\n\t\t\t\t<\/div>\r\n\t\t\t\t<div class=\"elementor-column elementor-col-33 elementor-top-column elementor-element elementor-element-4c1937e elementor-invisible\" data-id=\"4c1937e\" data-element_type=\"column\" data-settings=\"{&quot;animation&quot;:&quot;fadeInUp&quot;,&quot;animation_delay&quot;:200}\">\r\n\t\t\t\t\t<div class=\"elementor-widget-wrap elementor-element-populated\">\r\n\t\t\t\t\t\t\t\t<div class=\"elementor-element elementor-element-1cdc872 w-auto elementor-widget elementor-widget-porto_info_box\" data-id=\"1cdc872\" data-element_type=\"widget\" data-widget_type=\"porto_info_box.default\">\n\t\t\t\t<div class=\"elementor-widget-container\">\n\t\t\t<div class=\"porto-sicon-box style_1 default-icon flex-wrap\"><div class=\"porto-sicon-default\"><div class=\"porto-just-icon-wrapper porto-icon none\" style=\"margin-right:6px;\"><svg xmlns=\"http:\/\/www.w3.org\/2000\/svg\" xmlns:xlink=\"http:\/\/www.w3.org\/1999\/xlink\" x=\"0px\" y=\"0px\" viewBox=\"0 0 64 64\" style=\"enable-background:new 0 0 64 64;\" xml:space=\"preserve\" width=\"23\" height=\"23\"><path d=\"M32,60C16.5,60,4,47.5,4,32S16.5,4,32,4c15.9,0,25,8.7,25,24v1c0.2,3.4-0.6,6.8-2.3,9.7c-1.8,3.1-5.1,5.1-8.7,5  c-4,0-8.6-2.3-8.6-8.8v-0.1L38,22.9c-0.5-0.1-1-0.2-1.5-0.3c-1.4-0.2-2.7-0.3-4.1-0.3c-2.5-0.1-5,0.8-6.7,2.7  c-1.8,2.1-2.8,4.8-2.6,7.6c-0.1,2.2,0.5,4.3,1.7,6.1c1.1,1.3,2.7,1.9,4.3,1.8c1.2,0,2.4-0.3,3.4-0.9c0.9-0.6,2.2-0.4,2.8,0.6  s0.4,2.2-0.6,2.8C33,44,31,44.6,29.1,44.5c-2.8,0.1-5.6-1.1-7.4-3.3c-1.8-2.1-2.6-5-2.6-8.7c-0.2-3.8,1.1-7.5,3.7-10.3  c2.5-2.7,6-4.1,9.7-4c1.6,0,3.1,0.1,4.7,0.4c1.2,0.2,2.4,0.4,3.5,0.7l1.6,0.4L41.4,35c0,4.1,2.9,4.7,4.6,4.7c2.1,0,4.1-1.1,5.2-2.9  c1.4-2.4,2-5.1,1.8-7.8v-1c0-12.9-7.5-20-21-20C18.7,8,8,18.7,8,32c0,13.3,10.7,24,24,24c6.2,0,12.1-2.4,16.6-6.7  c0.8-0.8,2.1-0.7,2.8,0.1c0.8,0.8,0.7,2.1-0.1,2.8l0,0C46.2,57.2,39.2,60,32,60z\"><\/path><\/svg><\/div><\/div><div class=\"porto-sicon-header\"><a class=\"porto-sicon-box-link\" href=\"mailto:porto@construction.com\"><h5 class=\"porto-sicon-title\" style=\"\">adamesyasociados@gmail.com<\/h5><\/a><\/div> <!-- header --><div class=\"porto-sicon-description\" style=\"\" ><p>Enviar un correo electr\u00f3nico<\/p><\/div> <!-- description --><\/div><!-- porto-sicon-box -->\t\t<\/div>\n\t\t\t\t<\/div>\n\t\t\t\t\t<\/div>\r\n\t\t\t\t<\/div>\r\n\t\t\t\t<div class=\"elementor-column elementor-col-33 elementor-top-column elementor-element elementor-element-26ea81c elementor-invisible\" data-id=\"26ea81c\" data-element_type=\"column\" data-settings=\"{&quot;animation&quot;:&quot;fadeInUp&quot;,&quot;animation_delay&quot;:600}\">\r\n\t\t\t\t\t<div class=\"elementor-widget-wrap elementor-element-populated\">\r\n\t\t\t\t\t\t\t\t<div class=\"elementor-element elementor-element-0e552ab elementor-widget elementor-widget-porto_info_box\" data-id=\"0e552ab\" data-element_type=\"widget\" data-widget_type=\"porto_info_box.default\">\n\t\t\t\t<div class=\"elementor-widget-container\">\n\t\t\t<div class=\"porto-sicon-box style_1 default-icon flex-wrap\"><div class=\"porto-sicon-default\"><div class=\"porto-just-icon-wrapper porto-icon none\" style=\"margin-right:6px;\"><i class=\"porto-icon-map-location\"><\/i><\/div><\/div><div class=\"porto-sicon-header\"><h5 class=\"porto-sicon-title\" style=\"\">C. Duarte 141, Las Terrenas 32000<\/h5><\/div> <!-- header --><div class=\"porto-sicon-description\" style=\"\" ><p>DIRECCI\u00d3N<\/p><\/div> <!-- description --><\/div><!-- porto-sicon-box -->\t\t<\/div>\n\t\t\t\t<\/div>\n\t\t\t\t\t<\/div>\r\n\t\t\t\t<\/div>\r\n\t\t\t\t\t<\/div>\r\n\t\t\t\t<\/section>\r\n\t\t\t\t<section class=\"elementor-section elementor-top-section elementor-element elementor-element-253b373 elementor-section-boxed elementor-section-height-default elementor-section-height-default\" data-id=\"253b373\" data-element_type=\"section\">\r\n\t\t\r\n\t\t\t\t\t\t\t<div class=\"elementor-container elementor-column-gap-default\">\r\n\t\t\t\t\t\t\t\t\t\t\t<div class=\"elementor-column elementor-col-50 elementor-top-column elementor-element elementor-element-e460834 elementor-invisible\" data-id=\"e460834\" data-element_type=\"column\" data-settings=\"{&quot;animation&quot;:&quot;fadeInUp&quot;,&quot;animation_delay&quot;:400}\">\r\n\t\t\t\t\t<div class=\"elementor-widget-wrap elementor-element-populated\">\r\n\t\t\t\t\t\t\t\t<div class=\"elementor-element elementor-element-d7500b8 mb-2 elementor-widget elementor-widget-heading\" data-id=\"d7500b8\" data-element_type=\"widget\" data-widget_type=\"heading.default\">\n\t\t\t\t<div class=\"elementor-widget-container\">\n\t\t\t<style>\/*! elementor - v3.20.0 - 26-03-2024 *\/\n.elementor-heading-title{padding:0;margin:0;line-height:1}.elementor-widget-heading .elementor-heading-title[class*=elementor-size-]>a{color:inherit;font-size:inherit;line-height:inherit}.elementor-widget-heading .elementor-heading-title.elementor-size-small{font-size:15px}.elementor-widget-heading .elementor-heading-title.elementor-size-medium{font-size:19px}.elementor-widget-heading .elementor-heading-title.elementor-size-large{font-size:29px}.elementor-widget-heading .elementor-heading-title.elementor-size-xl{font-size:39px}.elementor-widget-heading .elementor-heading-title.elementor-size-xxl{font-size:59px}<\/style><h2 class=\"elementor-heading-title elementor-size-default\">Mandanos un mensaje<\/h2>\t\t<\/div>\n\t\t\t\t<\/div>\n\t\t\t\t<div class=\"elementor-element elementor-element-26e90f8 m-b-lg pb-1 elementor-widget elementor-widget-heading\" data-id=\"26e90f8\" data-element_type=\"widget\" data-widget_type=\"heading.default\">\n\t\t\t\t<div class=\"elementor-widget-container\">\n\t\t\t<p class=\"elementor-heading-title elementor-size-default\">Cont\u00e1ctanos o ll\u00e1manos para descubrir c\u00f3mo podemos ayudarte.<\/p>\t\t<\/div>\n\t\t\t\t<\/div>\n\t\t\t\t<div class=\"elementor-element elementor-element-3c68607 elementor-widget elementor-widget-shortcode\" data-id=\"3c68607\" data-element_type=\"widget\" data-widget_type=\"shortcode.default\">\n\t\t\t\t<div class=\"elementor-widget-container\">\n\t\t\t\t\t<div class=\"elementor-shortcode\">\n<div class=\"wpcf7 no-js\" id=\"wpcf7-f66-o1\" lang=\"en-US\" dir=\"ltr\">\n<div class=\"screen-reader-response\"><p role=\"status\" aria-live=\"polite\" aria-atomic=\"true\"><\/p> <ul><\/ul><\/div>\n<form action=\"\/index.php?rest_route=%2Fwp%2Fv2%2Fpages%2F61#wpcf7-f66-o1\" method=\"post\" class=\"wpcf7-form init\" aria-label=\"Contact form\" novalidate=\"novalidate\" data-status=\"init\">\n<div style=\"display: none;\">\n<input type=\"hidden\" name=\"_wpcf7\" value=\"66\" \/>\n<input type=\"hidden\" name=\"_wpcf7_version\" value=\"5.9.3\" \/>\n<input type=\"hidden\" name=\"_wpcf7_locale\" value=\"en_US\" \/>\n<input type=\"hidden\" name=\"_wpcf7_unit_tag\" value=\"wpcf7-f66-o1\" \/>\n<input type=\"hidden\" name=\"_wpcf7_container_post\" value=\"0\" \/>\n<input type=\"hidden\" name=\"_wpcf7_posted_data_hash\" value=\"\" \/>\n<\/div>\n<div class=\"form-group\">\n\t<p><span class=\"wpcf7-form-control-wrap\" data-name=\"your-name\"><input size=\"40\" class=\"wpcf7-form-control wpcf7-text wpcf7-validates-as-required form-control\" id=\"contact-name\" aria-required=\"true\" aria-invalid=\"false\" placeholder=\"Your Name\" value=\"\" type=\"text\" name=\"your-name\" \/><\/span>\n\t<\/p>\n<\/div>\n<div class=\"form-group\">\n\t<p><span class=\"wpcf7-form-control-wrap\" data-name=\"your-email\"><input size=\"40\" class=\"wpcf7-form-control wpcf7-email wpcf7-validates-as-required wpcf7-text wpcf7-validates-as-email form-control\" id=\"contact-email\" aria-required=\"true\" aria-invalid=\"false\" placeholder=\"Your E-mail Address\" value=\"\" type=\"email\" name=\"your-email\" \/><\/span>\n\t<\/p>\n<\/div>\n<div class=\"form-group\">\n\t<p><span class=\"wpcf7-form-control-wrap\" data-name=\"your-subject\"><input size=\"40\" class=\"wpcf7-form-control wpcf7-text form-control\" id=\"contact-subject\" aria-invalid=\"false\" placeholder=\"Subject\" value=\"\" type=\"text\" name=\"your-subject\" \/><\/span>\n\t<\/p>\n<\/div>\n<div class=\"form-group\">\n\t<p><span class=\"wpcf7-form-control-wrap\" data-name=\"your-message\"><textarea cols=\"40\" rows=\"10\" class=\"wpcf7-form-control wpcf7-textarea form-control\" id=\"contact-message\" aria-invalid=\"false\" placeholder=\"Message\" name=\"your-message\"><\/textarea><\/span>\n\t<\/p>\n<\/div>\n<div class=\"form-group\">\n\t<p><input class=\"wpcf7-form-control wpcf7-submit has-spinner btn btn-primary btn-xl\" type=\"submit\" value=\"Submit\" \/>\n\t<\/p>\n<\/div><p style=\"display: none !important;\" class=\"akismet-fields-container\" data-prefix=\"_wpcf7_ak_\"><label>&#916;<textarea name=\"_wpcf7_ak_hp_textarea\" cols=\"45\" rows=\"8\" maxlength=\"100\"><\/textarea><\/label><input type=\"hidden\" id=\"ak_js_1\" name=\"_wpcf7_ak_js\" value=\"19\"\/><script>document.getElementById( \"ak_js_1\" ).setAttribute( \"value\", ( new Date() ).getTime() );<\/script><\/p><div class=\"wpcf7-response-output\" aria-hidden=\"true\"><\/div>\n<\/form>\n<\/div>\n<\/div>\n\t\t\t\t<\/div>\n\t\t\t\t<\/div>\n\t\t\t\t\t<\/div>\r\n\t\t\t\t<\/div>\r\n\t\t\t\t<div class=\"elementor-column elementor-col-50 elementor-top-column elementor-element elementor-element-e3ec724 elementor-invisible\" data-id=\"e3ec724\" data-element_type=\"column\" data-settings=\"{&quot;animation&quot;:&quot;fadeInUp&quot;,&quot;animation_delay&quot;:800}\">\r\n\t\t\t\t\t<div class=\"elementor-widget-wrap elementor-element-populated\">\r\n\t\t\t\t\t\t\t\t<div class=\"elementor-element elementor-element-2f91529 mb-2 elementor-widget elementor-widget-heading\" data-id=\"2f91529\" data-element_type=\"widget\" data-widget_type=\"heading.default\">\n\t\t\t\t<div class=\"elementor-widget-container\">\n\t\t\t<h2 class=\"elementor-heading-title elementor-size-default\">Adames Lockward E.I.R.L.<\/h2>\t\t<\/div>\n\t\t\t\t<\/div>\n\t\t\t\t<div class=\"elementor-element elementor-element-4cee1f2 m-b-lg pb-1 elementor-widget elementor-widget-heading\" data-id=\"4cee1f2\" data-element_type=\"widget\" data-widget_type=\"heading.default\">\n\t\t\t\t<div class=\"elementor-widget-container\">\n\t\t\t<p class=\"elementor-heading-title elementor-size-default\">Empresa constructora<\/p>\t\t<\/div>\n\t\t\t\t<\/div>\n\t\t\t\t<div class=\"elementor-element elementor-element-6f49b09 elementor-widget elementor-widget-porto_google_map\" data-id=\"6f49b09\" data-element_type=\"widget\" data-widget_type=\"porto_google_map.default\">\n\t\t\t\t<div class=\"elementor-widget-container\">\n\t\t\t<div id='wrap_map_69f51a18bfc87' class='porto-map-wrapper porto-adjust-bottom-margin ' style='height:450px;'><div id='map_69f51a18bfc87' data-map_override='0' class='porto_google_map page_margin_top' style='width:100%;height:450px;'><\/div><\/div><script>\r\n( function() {\r\n\tvar porto_init_map = function() {\r\n\t\t( function( $ ) {\r\n\t\t\t'use strict';\r\n\t\t\tif (typeof google == 'undefined') {\r\n\t\t\t\treturn;\r\n\t\t\t}\r\n\t\t\tvar map_map_69f51a18bfc87 = null;\r\n\t\t\tvar coordinate_map_69f51a18bfc87;\r\n\t\t\ttry {\r\n\t\t\t\tcoordinate_map_69f51a18bfc87=new google.maps.LatLng(19.3119397, -69.5448273);\r\n\t\t\t\tvar isDraggable = $(document).width() > 640 ? true : false;\r\n\t\t\t\tvar mapOptions = {\r\n\t\t\t\t\tzoom: 16,\r\n\t\t\t\t\tcenter: coordinate_map_69f51a18bfc87,\r\n\t\t\t\t\tscaleControl: true,\r\n\t\t\t\t\tstreetViewControl: true,\r\n\t\t\t\t\tmapTypeControl: true,\r\n\t\t\t\t\tpanControl: false,\r\n\t\t\t\t\tzoomControl: true,\r\n\t\t\t\t\tscrollwheel: true,\r\n\t\t\t\t\tdraggable: isDraggable,\r\n\t\t\t\t\tzoomControlOptions: {\r\n\t\t\t\t\t\tposition: google.maps.ControlPosition.RIGHT_BOTTOM\r\n\t\t\t\t\t}, mapTypeControlOptions: {\r\n\t\t\t\t\t\t\tmapTypeIds: [google.maps.MapTypeId.ROADMAP, 'map_style']\r\n\t\t\t\t\t\t}};var styles = [{\"featureType\":\"water\",\"elementType\":\"geometry\",\"stylers\":[{\"color\":\"#e9e9e9\"},{\"lightness\":17}]},{\"featureType\":\"landscape\",\"elementType\":\"geometry\",\"stylers\":[{\"color\":\"#f5f5f5\"},{\"lightness\":20}]},{\"featureType\":\"road.highway\",\"elementType\":\"geometry.fill\",\"stylers\":[{\"color\":\"#ffffff\"},{\"lightness\":17}]},{\"featureType\":\"road.highway\",\"elementType\":\"geometry.stroke\",\"stylers\":[{\"color\":\"#ffffff\"},{\"lightness\":29},{\"weight\":0.2}]},{\"featureType\":\"road.arterial\",\"elementType\":\"geometry\",\"stylers\":[{\"color\":\"#ffffff\"},{\"lightness\":18}]},{\"featureType\":\"road.local\",\"elementType\":\"geometry\",\"stylers\":[{\"color\":\"#ffffff\"},{\"lightness\":16}]},{\"featureType\":\"poi\",\"elementType\":\"geometry\",\"stylers\":[{\"color\":\"#f5f5f5\"},{\"lightness\":21}]},{\"featureType\":\"poi.park\",\"elementType\":\"geometry\",\"stylers\":[{\"color\":\"#dedede\"},{\"lightness\":21}]},{\"elementType\":\"labels.text.stroke\",\"stylers\":[{\"visibility\":\"on\"},{\"color\":\"#ffffff\"},{\"lightness\":16}]},{\"elementType\":\"labels.text.fill\",\"stylers\":[{\"saturation\":36},{\"color\":\"#333333\"},{\"lightness\":40}]},{\"elementType\":\"labels.icon\",\"stylers\":[{\"visibility\":\"off\"}]},{\"featureType\":\"transit\",\"elementType\":\"geometry\",\"stylers\":[{\"color\":\"#f2f2f2\"},{\"lightness\":19}]},{\"featureType\":\"administrative\",\"elementType\":\"geometry.fill\",\"stylers\":[{\"color\":\"#fefefe\"},{\"lightness\":20}]},{\"featureType\":\"administrative\",\"elementType\":\"geometry.stroke\",\"stylers\":[{\"color\":\"#fefefe\"},{\"lightness\":17},{\"weight\":1.2}]}];\r\n\t\t\t\t\t\tvar styledMap = new google.maps.StyledMapType(styles,\r\n\t\t\t\t\t\t\t{name: \"Styled Map\"});var map_map_69f51a18bfc87 = new google.maps.Map(document.getElementById('map_69f51a18bfc87'),mapOptions);map_map_69f51a18bfc87.mapTypes.set('map_style', styledMap);\r\n\t\t\t\t\t\t\t map_map_69f51a18bfc87.setMapTypeId('map_style');\r\n\t\t\t\t\t\tvar x = 'on';\r\n\t\t\t\t\t\tvar marker_map_69f51a18bfc87 = new google.maps.Marker({\r\n\t\t\t\t\t\tposition: new google.maps.LatLng(19.3119397, -69.5448273),\r\n\t\t\t\t\t\tanimation:  google.maps.Animation.DROP,\r\n\t\t\t\t\t\tmap: map_map_69f51a18bfc87,\r\n\t\t\t\t\t\ticon: 'http:\/\/adameslockwardal.com.previewc75.carrierzone.com\/wp-content\/uploads\/2016\/07\/pin.png'\r\n\t\t\t\t\t});\r\n\t\t\t\t\tgoogle.maps.event.addListener(marker_map_69f51a18bfc87, 'click', toggleBounce);var infowindow = new google.maps.InfoWindow();\r\n\t\t\t\t\t\t\tinfowindow.setContent('<div class=\"map_info_text\" style=\\'color:#000;\\'><p><strong>Adames Lockward E.I.R.L.\u00a0<\/strong><br \/>C. Duarte 141, Las Terrenas 32000<\/p><\/div>');google.maps.event.addListener(marker_map_69f51a18bfc87, 'click', function() {\r\n\t\t\t\t\t\t\t\tinfowindow.open(map_map_69f51a18bfc87,marker_map_69f51a18bfc87);\r\n\t\t\t\t\t\t\t});}\r\n\t\t\tcatch(e){};\r\n\t\t\tgoogle.maps.event.trigger(map_map_69f51a18bfc87, 'resize');\r\n\t\t\t$(window).on('resize', function(){\r\n\t\t\t\tgoogle.maps.event.trigger(map_map_69f51a18bfc87, 'resize');\r\n\t\t\t\tif(map_map_69f51a18bfc87!=null) {\r\n\t\t\t\t\tmap_map_69f51a18bfc87.setCenter(coordinate_map_69f51a18bfc87);\r\n\t\t\t\t}\r\n\t\t\t});\r\n\t\t\t$('.ui-tabs').on('tabsactivate', function(event, ui) {\r\n\t\t\t   if($(this).find('.porto-map-wrapper').length > 0)\r\n\t\t\t\t{\r\n\t\t\t\t\tsetTimeout(function(){\r\n\t\t\t\t\t\t$(window).trigger('resize');\r\n\t\t\t\t\t},200);\r\n\t\t\t\t}\r\n\t\t\t});\r\n\t\t\t$('.ui-accordion').on('accordionactivate', function(event, ui) {\r\n\t\t\t\tif($(this).find('.porto-map-wrapper').length > 0) {\r\n\t\t\t\t\tsetTimeout(function(){\r\n\t\t\t\t\t\t$(window).trigger('resize');\r\n\t\t\t\t\t},200);\r\n\t\t\t\t}\r\n\t\t\t});\r\n\t\t\t$(document).on('onPortoModalPopupOpen', function(){\r\n\t\t\t\tif($(map_map_69f51a18bfc87).parents('.porto_modal-content')) {\r\n\t\t\t\t\tsetTimeout(function(){\r\n\t\t\t\t\t\t$(window).trigger('resize');\r\n\t\t\t\t\t},200);\r\n\t\t\t\t}\r\n\t\t\t});\r\n\t\t\tfunction toggleBounce() {\r\n\t\t\t\tif (marker_map_69f51a18bfc87.getAnimation() != null) {\r\n\t\t\t\t\tmarker_map_69f51a18bfc87.setAnimation(null);\r\n\t\t\t\t} else {\r\n\t\t\t\t\tmarker_map_69f51a18bfc87.setAnimation(google.maps.Animation.BOUNCE);\r\n\t\t\t\t}\r\n\t\t\t}\r\n\t\t} )( window.jQuery );\r\n\t};\r\n\r\n\tif ( window.jQuery ) {\r\n\t\tjQuery( document ).ready(function() {\r\n\t\t\tporto_init_map();\r\n\t\t} );\r\n\t} else {\r\n\t\tdocument.addEventListener( 'DOMContentLoaded', porto_init_map );\r\n\t}\r\n\r\n\twindow.addEventListener( 'load', function() {\r\n\t\tsetTimeout( function() {\r\n\t\t\tjQuery( window ).trigger( 'resize' );\r\n\t\t}, 200 );\r\n\t} );\r\n} )();\r\n<\/script>\t\t<\/div>\n\t\t\t\t<\/div>\n\t\t\t\t\t<\/div>\r\n\t\t\t\t<\/div>\r\n\t\t\t\t\t<\/div>\r\n\t\t\t\t<\/section>\r\n\t\t\t\t<\/div>\n\t\t","protected":false},"excerpt":{"rendered":"<p>&nbsp; (809) 240 6490 Ll\u00e1manos adamesyasociados@gmail.com Enviar un correo electr\u00f3nico C. Duarte 141, Las Terrenas 32000 DIRECCI\u00d3N Mandanos un mensaje Cont\u00e1ctanos o ll\u00e1manos para descubrir c\u00f3mo podemos ayudarte. Adames Lockward E.I.R.L. Empresa constructora<\/p>\n","protected":false},"author":1,"featured_media":0,"parent":0,"menu_order":0,"comment_status":"closed","ping_status":"closed","template":"","meta":{"content-type":"","footnotes":""},"class_list":["post-61","page","type-page","status-publish","hentry"],"_links":{"self":[{"href":"http:\/\/adameslockwardal.com.previewc75.carrierzone.com\/index.php?rest_route=\/wp\/v2\/pages\/61","targetHints":{"allow":["GET"]}}],"collection":[{"href":"http:\/\/adameslockwardal.com.previewc75.carrierzone.com\/index.php?rest_route=\/wp\/v2\/pages"}],"about":[{"href":"http:\/\/adameslockwardal.com.previewc75.carrierzone.com\/index.php?rest_route=\/wp\/v2\/types\/page"}],"author":[{"embeddable":true,"href":"http:\/\/adameslockwardal.com.previewc75.carrierzone.com\/index.php?rest_route=\/wp\/v2\/users\/1"}],"replies":[{"embeddable":true,"href":"http:\/\/adameslockwardal.com.previewc75.carrierzone.com\/index.php?rest_route=%2Fwp%2Fv2%2Fcomments&post=61"}],"version-history":[{"count":8,"href":"http:\/\/adameslockwardal.com.previewc75.carrierzone.com\/index.php?rest_route=\/wp\/v2\/pages\/61\/revisions"}],"predecessor-version":[{"id":3840,"href":"http:\/\/adameslockwardal.com.previewc75.carrierzone.com\/index.php?rest_route=\/wp\/v2\/pages\/61\/revisions\/3840"}],"wp:attachment":[{"href":"http:\/\/adameslockwardal.com.previewc75.carrierzone.com\/index.php?rest_route=%2Fwp%2Fv2%2Fmedia&parent=61"}],"curies":[{"name":"wp","href":"https:\/\/api.w.org\/{rel}","templated":true}]}}